{"id":639,"date":"2010-03-07T16:12:57","date_gmt":"2010-03-07T14:12:57","guid":{"rendered":"https:\/\/leonidasvillagehouses.com\/?page_id=639"},"modified":"2010-03-07T16:12:57","modified_gmt":"2010-03-07T14:12:57","slug":"die-ferienwohnungen","status":"publish","type":"page","link":"https:\/\/leonidasvillagehouses.com\/?page_id=639&lang=de","title":{"rendered":"Die Ferienwohnungen"},"content":{"rendered":"\n<figure class=\"wp-block-image alignright\"><img loading=\"lazy\" decoding=\"async\" width=\"300\" height=\"200\" src=\"https:\/\/leonidasvillagehouses.com\/wp-content\/uploads\/2010\/03\/66-300x200.jpg\" alt=\"\" class=\"wp-image-40\" title=\"66\" srcset=\"https:\/\/leonidasvillagehouses.com\/wp-content\/uploads\/2010\/03\/66-300x200.jpg 300w, https:\/\/leonidasvillagehouses.com\/wp-content\/uploads\/2010\/03\/66.jpg 639w\" sizes=\"auto, (max-width: 300px) 100vw, 300px\" \/><\/figure>\n\n\n\n<p>Im malerischen Dorf von Goudi gelegen, nicht weit weg von der belebten Stadt Paphos, nah an der unverbauten Stadt von Polis mit seinem bezaubernden Fischendorf Latchi und gerade 5km entfernt von den malerischen Str\u00e4nden der Bucht Akamas gelegen, befinden sich die LEONIDAS-Dorfh\u00e4user.<\/p>\n\n\n\n<p>Die Leonidas-Dorfh\u00e4user sind ein Komplex von 5 individuellen traditionellen H\u00e4usern mit einem gemeinsamen Gel\u00e4nde, inklusive Garten und Swimmingpool und einer Panoramasicht zur Dorfsenke. Die H\u00e4user wurden zuerst im 19. Jahrhundert errichtet und vor kurzem entsprechend traditioneller architektonischer Merkmale und Materialien wieder aufgebaut.<\/p>\n\n\n\n<p>Wenn Sie entspannen wollen und an tolle Ferien an einem Bauernhof, in luxuri\u00f6sen Urlaubsh\u00e4usern mit einen l\u00e4ndlichem Klima interessiert sind, dann ist das Leonidas-Dorf die richtige Urlaubsadresse f\u00fcr Sie.<\/p>\n","protected":false},"excerpt":{"rendered":"<p>Im malerischen Dorf von Goudi gelegen, nicht weit weg von der belebten Stadt Paphos, nah an der unverbauten Stadt von Polis mit seinem bezaubernden Fischendorf Latchi und gerade 5km entfernt von den malerischen Str\u00e4nden der Bucht Akamas gelegen, befinden sich die LEONIDAS-Dorfh\u00e4user. Die Leonidas-Dorfh\u00e4user sind ein Komplex von 5 individuellen traditionellen H\u00e4usern mit einem gemeinsamen [&hellip;]<\/p>\n","protected":false},"author":1,"featured_media":0,"parent":0,"menu_order":0,"comment_status":"closed","ping_status":"closed","template":"","meta":{"site-sidebar-layout":"default","site-content-layout":"","ast-site-content-layout":"default","site-content-style":"default","site-sidebar-style":"default","ast-global-header-display":"","ast-banner-title-visibility":"","ast-main-header-display":"","ast-hfb-above-header-display":"","ast-hfb-below-header-display":"","ast-hfb-mobile-header-display":"","site-post-title":"","ast-breadcrumbs-content":"","ast-featured-img":"","footer-sml-layout":"","ast-disable-related-posts":"","theme-transparent-header-meta":"","adv-header-id-meta":"","stick-header-meta":"","header-above-stick-meta":"","header-main-stick-meta":"","header-below-stick-meta":"","astra-migrate-meta-layouts":"default","ast-page-background-enabled":"default","ast-page-background-meta":{"desktop":{"background-color":"var(--ast-global-color-4)","background-image":"","background-repeat":"repeat","background-position":"center center","background-size":"auto","background-attachment":"scroll","background-type":"","background-media":"","overlay-type":"","overlay-color":"","overlay-opacity":"","overlay-gradient":""},"tablet":{"background-color":"","background-image":"","background-repeat":"repeat","background-position":"center center","background-size":"auto","background-attachment":"scroll","background-type":"","background-media":"","overlay-type":"","overlay-color":"","overlay-opacity":"","overlay-gradient":""},"mobile":{"background-color":"","background-image":"","background-repeat":"repeat","background-position":"center center","background-size":"auto","background-attachment":"scroll","background-type":"","background-media":"","overlay-type":"","overlay-color":"","overlay-opacity":"","overlay-gradient":""}},"ast-content-background-meta":{"desktop":{"background-color":"var(--ast-global-color-5)","background-image":"","background-repeat":"repeat","background-position":"center center","background-size":"auto","background-attachment":"scroll","background-type":"","background-media":"","overlay-type":"","overlay-color":"","overlay-opacity":"","overlay-gradient":""},"tablet":{"background-color":"var(--ast-global-color-5)","background-image":"","background-repeat":"repeat","background-position":"center center","background-size":"auto","background-attachment":"scroll","background-type":"","background-media":"","overlay-type":"","overlay-color":"","overlay-opacity":"","overlay-gradient":""},"mobile":{"background-color":"var(--ast-global-color-5)","background-image":"","background-repeat":"repeat","background-position":"center center","background-size":"auto","background-attachment":"scroll","background-type":"","background-media":"","overlay-type":"","overlay-color":"","overlay-opacity":"","overlay-gradient":""}},"footnotes":""},"class_list":["post-639","page","type-page","status-publish","hentry"],"yoast_head":"<!-- This site is optimized with the Yoast SEO plugin v27.4 - https:\/\/yoast.com\/product\/yoast-seo-wordpress\/ -->\n<title>Die Ferienwohnungen | Leonidas Village Houses<\/title>\n<meta name=\"description\" content=\"Im malerischen Dorf von Goudi gelegen, nicht weit weg von der belebten Stadt Paphos, nah an der unverbauten Stadt von Polis mit seinem bezaubernden Fischendorf Latchi und gerade 5km entfernt von den malerischen Str\u00e4nden der Bucht Akamas gelegen, befinden sich die LEONIDAS-Dorfh\u00e4user.  Die Leonidas-Dorfh\u00e4user sind ein Komplex von 5 individuellen traditionellen H\u00e4usern mit einem gemeinsamen Gel\u00e4nde, inklusive Garten und Swimmingpool und einer Panoramasicht zur Dorfsenke. Die H\u00e4user wurden zuerst im 19. Jahrhundert errichtet und vor kurzem entsprechend traditioneller architektonischer Merkmale und Materialien wieder aufgebaut.  Wenn Sie entspannen wollen und an tolle Ferien an einem Bauernhof, in luxuri\u00f6sen Urlaubsh\u00e4usern mit einen l\u00e4ndlichem Klima interessiert sind, dann ist das Leonidas-Dorf die richtige Urlaubsadresse f\u00fcr Sie.\" \/>\n<meta name=\"robots\" content=\"index, follow, max-snippet:-1, max-image-preview:large, max-video-preview:-1\" \/>\n<link rel=\"canonical\" href=\"https:\/\/leonidasvillagehouses.com\/?page_id=639\" \/>\n<meta property=\"og:locale\" content=\"en_US\" \/>\n<meta property=\"og:type\" content=\"article\" \/>\n<meta property=\"og:title\" content=\"Die Ferienwohnungen | Leonidas Village Houses\" \/>\n<meta property=\"og:description\" content=\"Im malerischen Dorf von Goudi gelegen, nicht weit weg von der belebten Stadt Paphos, nah an der unverbauten Stadt von Polis mit seinem bezaubernden Fischendorf Latchi und gerade 5km entfernt von den malerischen Str\u00e4nden der Bucht Akamas gelegen, befinden sich die LEONIDAS-Dorfh\u00e4user.  Die Leonidas-Dorfh\u00e4user sind ein Komplex von 5 individuellen traditionellen H\u00e4usern mit einem gemeinsamen Gel\u00e4nde, inklusive Garten und Swimmingpool und einer Panoramasicht zur Dorfsenke. Die H\u00e4user wurden zuerst im 19. Jahrhundert errichtet und vor kurzem entsprechend traditioneller architektonischer Merkmale und Materialien wieder aufgebaut.  Wenn Sie entspannen wollen und an tolle Ferien an einem Bauernhof, in luxuri\u00f6sen Urlaubsh\u00e4usern mit einen l\u00e4ndlichem Klima interessiert sind, dann ist das Leonidas-Dorf die richtige Urlaubsadresse f\u00fcr Sie.\" \/>\n<meta property=\"og:url\" content=\"https:\/\/leonidasvillagehouses.com\/?page_id=639\" \/>\n<meta property=\"og:site_name\" content=\"Leonidas Village Houses\" \/>\n<meta property=\"og:image\" content=\"https:\/\/leonidasvillagehouses.com\/wp-content\/uploads\/2010\/03\/66-300x200.jpg\" \/>\n<meta name=\"twitter:card\" content=\"summary_large_image\" \/>\n<meta name=\"twitter:label1\" content=\"Est. reading time\" \/>\n\t<meta name=\"twitter:data1\" content=\"1 minute\" \/>\n<script type=\"application\/ld+json\" class=\"yoast-schema-graph\">{\"@context\":\"https:\\\/\\\/schema.org\",\"@graph\":[{\"@type\":\"WebPage\",\"@id\":\"https:\\\/\\\/leonidasvillagehouses.com\\\/?page_id=639\",\"url\":\"https:\\\/\\\/leonidasvillagehouses.com\\\/?page_id=639\",\"name\":\"Die Ferienwohnungen | Leonidas Village Houses\",\"isPartOf\":{\"@id\":\"https:\\\/\\\/leonidasvillagehouses.com\\\/#website\"},\"primaryImageOfPage\":{\"@id\":\"https:\\\/\\\/leonidasvillagehouses.com\\\/?page_id=639#primaryimage\"},\"image\":{\"@id\":\"https:\\\/\\\/leonidasvillagehouses.com\\\/?page_id=639#primaryimage\"},\"thumbnailUrl\":\"https:\\\/\\\/leonidasvillagehouses.com\\\/wp-content\\\/uploads\\\/2010\\\/03\\\/66-300x200.jpg\",\"datePublished\":\"2010-03-07T14:12:57+00:00\",\"description\":\"Im malerischen Dorf von Goudi gelegen, nicht weit weg von der belebten Stadt Paphos, nah an der unverbauten Stadt von Polis mit seinem bezaubernden Fischendorf Latchi und gerade 5km entfernt von den malerischen Str\u00e4nden der Bucht Akamas gelegen, befinden sich die LEONIDAS-Dorfh\u00e4user. Die Leonidas-Dorfh\u00e4user sind ein Komplex von 5 individuellen traditionellen H\u00e4usern mit einem gemeinsamen Gel\u00e4nde, inklusive Garten und Swimmingpool und einer Panoramasicht zur Dorfsenke. Die H\u00e4user wurden zuerst im 19. Jahrhundert errichtet und vor kurzem entsprechend traditioneller architektonischer Merkmale und Materialien wieder aufgebaut. Wenn Sie entspannen wollen und an tolle Ferien an einem Bauernhof, in luxuri\u00f6sen Urlaubsh\u00e4usern mit einen l\u00e4ndlichem Klima interessiert sind, dann ist das Leonidas-Dorf die richtige Urlaubsadresse f\u00fcr Sie.\",\"breadcrumb\":{\"@id\":\"https:\\\/\\\/leonidasvillagehouses.com\\\/?page_id=639#breadcrumb\"},\"inLanguage\":\"en-US\",\"potentialAction\":[{\"@type\":\"ReadAction\",\"target\":[\"https:\\\/\\\/leonidasvillagehouses.com\\\/?page_id=639\"]}]},{\"@type\":\"ImageObject\",\"inLanguage\":\"en-US\",\"@id\":\"https:\\\/\\\/leonidasvillagehouses.com\\\/?page_id=639#primaryimage\",\"url\":\"https:\\\/\\\/leonidasvillagehouses.com\\\/wp-content\\\/uploads\\\/2010\\\/03\\\/66.jpg\",\"contentUrl\":\"https:\\\/\\\/leonidasvillagehouses.com\\\/wp-content\\\/uploads\\\/2010\\\/03\\\/66.jpg\",\"width\":\"639\",\"height\":\"426\"},{\"@type\":\"BreadcrumbList\",\"@id\":\"https:\\\/\\\/leonidasvillagehouses.com\\\/?page_id=639#breadcrumb\",\"itemListElement\":[{\"@type\":\"ListItem\",\"position\":1,\"name\":\"Home\",\"item\":\"https:\\\/\\\/leonidasvillagehouses.com\\\/\"},{\"@type\":\"ListItem\",\"position\":2,\"name\":\"Die Ferienwohnungen\"}]},{\"@type\":\"WebSite\",\"@id\":\"https:\\\/\\\/leonidasvillagehouses.com\\\/#website\",\"url\":\"https:\\\/\\\/leonidasvillagehouses.com\\\/\",\"name\":\"Leonidas Village Houses\",\"description\":\"Leonidas Village Houses\",\"publisher\":{\"@id\":\"https:\\\/\\\/leonidasvillagehouses.com\\\/#organization\"},\"potentialAction\":[{\"@type\":\"SearchAction\",\"target\":{\"@type\":\"EntryPoint\",\"urlTemplate\":\"https:\\\/\\\/leonidasvillagehouses.com\\\/?s={search_term_string}\"},\"query-input\":{\"@type\":\"PropertyValueSpecification\",\"valueRequired\":true,\"valueName\":\"search_term_string\"}}],\"inLanguage\":\"en-US\"},{\"@type\":\"Organization\",\"@id\":\"https:\\\/\\\/leonidasvillagehouses.com\\\/#organization\",\"name\":\"Leonidas Village Houses\",\"url\":\"https:\\\/\\\/leonidasvillagehouses.com\\\/\",\"logo\":{\"@type\":\"ImageObject\",\"inLanguage\":\"en-US\",\"@id\":\"https:\\\/\\\/leonidasvillagehouses.com\\\/#\\\/schema\\\/logo\\\/image\\\/\",\"url\":\"https:\\\/\\\/leonidasvillagehouses.com\\\/wp-content\\\/uploads\\\/2023\\\/10\\\/logo.png\",\"contentUrl\":\"https:\\\/\\\/leonidasvillagehouses.com\\\/wp-content\\\/uploads\\\/2023\\\/10\\\/logo.png\",\"width\":232,\"height\":66,\"caption\":\"Leonidas Village Houses\"},\"image\":{\"@id\":\"https:\\\/\\\/leonidasvillagehouses.com\\\/#\\\/schema\\\/logo\\\/image\\\/\"}}]}<\/script>\n<!-- \/ Yoast SEO plugin. -->","yoast_head_json":{"title":"Die Ferienwohnungen | Leonidas Village Houses","description":"Im malerischen Dorf von Goudi gelegen, nicht weit weg von der belebten Stadt Paphos, nah an der unverbauten Stadt von Polis mit seinem bezaubernden Fischendorf Latchi und gerade 5km entfernt von den malerischen Str\u00e4nden der Bucht Akamas gelegen, befinden sich die LEONIDAS-Dorfh\u00e4user.  Die Leonidas-Dorfh\u00e4user sind ein Komplex von 5 individuellen traditionellen H\u00e4usern mit einem gemeinsamen Gel\u00e4nde, inklusive Garten und Swimmingpool und einer Panoramasicht zur Dorfsenke. Die H\u00e4user wurden zuerst im 19. Jahrhundert errichtet und vor kurzem entsprechend traditioneller architektonischer Merkmale und Materialien wieder aufgebaut.  Wenn Sie entspannen wollen und an tolle Ferien an einem Bauernhof, in luxuri\u00f6sen Urlaubsh\u00e4usern mit einen l\u00e4ndlichem Klima interessiert sind, dann ist das Leonidas-Dorf die richtige Urlaubsadresse f\u00fcr Sie.","robots":{"index":"index","follow":"follow","max-snippet":"max-snippet:-1","max-image-preview":"max-image-preview:large","max-video-preview":"max-video-preview:-1"},"canonical":"https:\/\/leonidasvillagehouses.com\/?page_id=639","og_locale":"en_US","og_type":"article","og_title":"Die Ferienwohnungen | Leonidas Village Houses","og_description":"Im malerischen Dorf von Goudi gelegen, nicht weit weg von der belebten Stadt Paphos, nah an der unverbauten Stadt von Polis mit seinem bezaubernden Fischendorf Latchi und gerade 5km entfernt von den malerischen Str\u00e4nden der Bucht Akamas gelegen, befinden sich die LEONIDAS-Dorfh\u00e4user.  Die Leonidas-Dorfh\u00e4user sind ein Komplex von 5 individuellen traditionellen H\u00e4usern mit einem gemeinsamen Gel\u00e4nde, inklusive Garten und Swimmingpool und einer Panoramasicht zur Dorfsenke. Die H\u00e4user wurden zuerst im 19. Jahrhundert errichtet und vor kurzem entsprechend traditioneller architektonischer Merkmale und Materialien wieder aufgebaut.  Wenn Sie entspannen wollen und an tolle Ferien an einem Bauernhof, in luxuri\u00f6sen Urlaubsh\u00e4usern mit einen l\u00e4ndlichem Klima interessiert sind, dann ist das Leonidas-Dorf die richtige Urlaubsadresse f\u00fcr Sie.","og_url":"https:\/\/leonidasvillagehouses.com\/?page_id=639","og_site_name":"Leonidas Village Houses","og_image":[{"url":"https:\/\/leonidasvillagehouses.com\/wp-content\/uploads\/2010\/03\/66-300x200.jpg","type":"","width":"","height":""}],"twitter_card":"summary_large_image","twitter_misc":{"Est. reading time":"1 minute"},"schema":{"@context":"https:\/\/schema.org","@graph":[{"@type":"WebPage","@id":"https:\/\/leonidasvillagehouses.com\/?page_id=639","url":"https:\/\/leonidasvillagehouses.com\/?page_id=639","name":"Die Ferienwohnungen | Leonidas Village Houses","isPartOf":{"@id":"https:\/\/leonidasvillagehouses.com\/#website"},"primaryImageOfPage":{"@id":"https:\/\/leonidasvillagehouses.com\/?page_id=639#primaryimage"},"image":{"@id":"https:\/\/leonidasvillagehouses.com\/?page_id=639#primaryimage"},"thumbnailUrl":"https:\/\/leonidasvillagehouses.com\/wp-content\/uploads\/2010\/03\/66-300x200.jpg","datePublished":"2010-03-07T14:12:57+00:00","description":"Im malerischen Dorf von Goudi gelegen, nicht weit weg von der belebten Stadt Paphos, nah an der unverbauten Stadt von Polis mit seinem bezaubernden Fischendorf Latchi und gerade 5km entfernt von den malerischen Str\u00e4nden der Bucht Akamas gelegen, befinden sich die LEONIDAS-Dorfh\u00e4user. Die Leonidas-Dorfh\u00e4user sind ein Komplex von 5 individuellen traditionellen H\u00e4usern mit einem gemeinsamen Gel\u00e4nde, inklusive Garten und Swimmingpool und einer Panoramasicht zur Dorfsenke. Die H\u00e4user wurden zuerst im 19. Jahrhundert errichtet und vor kurzem entsprechend traditioneller architektonischer Merkmale und Materialien wieder aufgebaut. Wenn Sie entspannen wollen und an tolle Ferien an einem Bauernhof, in luxuri\u00f6sen Urlaubsh\u00e4usern mit einen l\u00e4ndlichem Klima interessiert sind, dann ist das Leonidas-Dorf die richtige Urlaubsadresse f\u00fcr Sie.","breadcrumb":{"@id":"https:\/\/leonidasvillagehouses.com\/?page_id=639#breadcrumb"},"inLanguage":"en-US","potentialAction":[{"@type":"ReadAction","target":["https:\/\/leonidasvillagehouses.com\/?page_id=639"]}]},{"@type":"ImageObject","inLanguage":"en-US","@id":"https:\/\/leonidasvillagehouses.com\/?page_id=639#primaryimage","url":"https:\/\/leonidasvillagehouses.com\/wp-content\/uploads\/2010\/03\/66.jpg","contentUrl":"https:\/\/leonidasvillagehouses.com\/wp-content\/uploads\/2010\/03\/66.jpg","width":"639","height":"426"},{"@type":"BreadcrumbList","@id":"https:\/\/leonidasvillagehouses.com\/?page_id=639#breadcrumb","itemListElement":[{"@type":"ListItem","position":1,"name":"Home","item":"https:\/\/leonidasvillagehouses.com\/"},{"@type":"ListItem","position":2,"name":"Die Ferienwohnungen"}]},{"@type":"WebSite","@id":"https:\/\/leonidasvillagehouses.com\/#website","url":"https:\/\/leonidasvillagehouses.com\/","name":"Leonidas Village Houses","description":"Leonidas Village Houses","publisher":{"@id":"https:\/\/leonidasvillagehouses.com\/#organization"},"potentialAction":[{"@type":"SearchAction","target":{"@type":"EntryPoint","urlTemplate":"https:\/\/leonidasvillagehouses.com\/?s={search_term_string}"},"query-input":{"@type":"PropertyValueSpecification","valueRequired":true,"valueName":"search_term_string"}}],"inLanguage":"en-US"},{"@type":"Organization","@id":"https:\/\/leonidasvillagehouses.com\/#organization","name":"Leonidas Village Houses","url":"https:\/\/leonidasvillagehouses.com\/","logo":{"@type":"ImageObject","inLanguage":"en-US","@id":"https:\/\/leonidasvillagehouses.com\/#\/schema\/logo\/image\/","url":"https:\/\/leonidasvillagehouses.com\/wp-content\/uploads\/2023\/10\/logo.png","contentUrl":"https:\/\/leonidasvillagehouses.com\/wp-content\/uploads\/2023\/10\/logo.png","width":232,"height":66,"caption":"Leonidas Village Houses"},"image":{"@id":"https:\/\/leonidasvillagehouses.com\/#\/schema\/logo\/image\/"}}]}},"_links":{"self":[{"href":"https:\/\/leonidasvillagehouses.com\/index.php?rest_route=\/wp\/v2\/pages\/639","targetHints":{"allow":["GET"]}}],"collection":[{"href":"https:\/\/leonidasvillagehouses.com\/index.php?rest_route=\/wp\/v2\/pages"}],"about":[{"href":"https:\/\/leonidasvillagehouses.com\/index.php?rest_route=\/wp\/v2\/types\/page"}],"author":[{"embeddable":true,"href":"https:\/\/leonidasvillagehouses.com\/index.php?rest_route=\/wp\/v2\/users\/1"}],"replies":[{"embeddable":true,"href":"https:\/\/leonidasvillagehouses.com\/index.php?rest_route=%2Fwp%2Fv2%2Fcomments&post=639"}],"version-history":[{"count":0,"href":"https:\/\/leonidasvillagehouses.com\/index.php?rest_route=\/wp\/v2\/pages\/639\/revisions"}],"wp:attachment":[{"href":"https:\/\/leonidasvillagehouses.com\/index.php?rest_route=%2Fwp%2Fv2%2Fmedia&parent=639"}],"curies":[{"name":"wp","href":"https:\/\/api.w.org\/{rel}","templated":true}]}}